{"id":788,"date":"2010-01-17T23:40:24","date_gmt":"2010-01-17T22:40:24","guid":{"rendered":"http:\/\/www.trofsk.no\/?page_id=788"},"modified":"2024-05-04T21:29:45","modified_gmt":"2024-05-04T20:29:45","slug":"oppvisningshopp","status":"publish","type":"page","link":"https:\/\/www.trofsk.no\/?page_id=788","title":{"rendered":"Oppvisningshopp"},"content":{"rendered":"<p>Oppvisnings- (demonstasjonshopp) er en utrolig spennende og publikumsvennlig m\u00e5te \u00e5 skape ekstra blest rundt et arrangement. Kan du tenke deg noe mer spennende pauseunderholdning enn fallskjermhoppere som kommer dalende ned fra himmelen og utl\u00f8ser fallskjermene sine over arrangementet ditt? Det f\u00e5r garantert publikummet ditt til \u00e5 gispe! N\u00e5r de s\u00e5 flyr ned mot bakken med fallskjermene sine og lander rett foran publikum setter det enda dypere spor i minnet, og vil bli en opplevelse som de sent vil glemme!<\/p><p>Som en del av oppvisning- og demonstrasjonshoppet kan hopperne utstyres med flagg eller bannere \u2013 for eksempel med logo eller skrift som en del av et reklamestunt.<\/p><figure class=\"wp-block-image\"><img loading=\"lazy\" decoding=\"async\" width=\"1024\" height=\"682\" src=\"https:\/\/www.trofsk.no\/wp-content\/uploads\/Demo_Finnsnes3-1024x682.jpg\" alt=\"\" class=\"wp-image-2622\" srcset=\"https:\/\/www.trofsk.no\/wp-content\/uploads\/Demo_Finnsnes3-1024x682.jpg 1024w, https:\/\/www.trofsk.no\/wp-content\/uploads\/Demo_Finnsnes3-600x399.jpg 600w, https:\/\/www.trofsk.no\/wp-content\/uploads\/Demo_Finnsnes3-300x200.jpg 300w, https:\/\/www.trofsk.no\/wp-content\/uploads\/Demo_Finnsnes3-768x511.jpg 768w, https:\/\/www.trofsk.no\/wp-content\/uploads\/Demo_Finnsnes3-1536x1022.jpg 1536w, https:\/\/www.trofsk.no\/wp-content\/uploads\/Demo_Finnsnes3.jpg 2048w\" sizes=\"(max-width: 1024px) 100vw, 1024px\" \/><figcaption class=\"wp-element-caption\"><em>Demonstrasjonshopp p\u00e5 Finnsnes under skil\u00f8pet Summit to Sea under Reistadl\u00f8pet i 2023. Hopperene landet p\u00e5 Finnsnesvannet i Finnsnes sentrum.<\/em><\/figcaption><\/figure><p>I forbindelse med sportsarrangementer kan vi lande p\u00e5 arenaen i pausen, eller hva med om det gjeve trofeet kommer fra himmelen med en fallskjermhopper?<\/p><p><em><strong>Hva koster et demonstasjonshopp?<\/strong><\/em> <\/p><p>Vel, det vil naturlig nok variere med tanke p\u00e5 hvor my tid vi m\u00e5 holde flyet i lufta, sted og hvilke effekter du \u00f8nsker. Vi m\u00e5 i tillegg alltid gj\u00f8re en vurdering om vi kan gj\u00f8re demonstrasjonshopp p\u00e5 den plassen du \u00f8nsker, med tanke p\u00e5 sikkerhet. <\/p><p>De av hopperne som deltar som oppvisiningshoppere har eget sertifikat og er utsjekket for \u00e5 gjennomf\u00f8re oppvisning p\u00e5 en trygg m\u00e5te.<\/p><p>Ta kontakt med demo-ansvarlig Mikael Skyflyer Kristiansen p\u00e5 telefon 91118991 eller <a href=\"mailto:formann@trofsk.no?subject=Foresp\u00f8rsel%20om%20demo-hopp\">e-post.<\/a><\/p><figure class=\"wp-block-image size-large\"><img loading=\"lazy\" decoding=\"async\" width=\"1024\" height=\"682\" src=\"https:\/\/www.trofsk.no\/wp-content\/uploads\/Demo_Finnsnes2-1-1024x682.jpg\" alt=\"\" class=\"wp-image-2624\" srcset=\"https:\/\/www.trofsk.no\/wp-content\/uploads\/Demo_Finnsnes2-1-1024x682.jpg 1024w, https:\/\/www.trofsk.no\/wp-content\/uploads\/Demo_Finnsnes2-1-600x400.jpg 600w, https:\/\/www.trofsk.no\/wp-content\/uploads\/Demo_Finnsnes2-1-300x200.jpg 300w, https:\/\/www.trofsk.no\/wp-content\/uploads\/Demo_Finnsnes2-1-768x512.jpg 768w, https:\/\/www.trofsk.no\/wp-content\/uploads\/Demo_Finnsnes2-1-1536x1023.jpg 1536w, https:\/\/www.trofsk.no\/wp-content\/uploads\/Demo_Finnsnes2-1.jpg 2048w\" sizes=\"(max-width: 1024px) 100vw, 1024px\" \/><\/figure>","protected":false},"excerpt":{"rendered":"<p>Oppvisnings- (demonstasjonshopp) er en utrolig spennende og publikumsvennlig m\u00e5te \u00e5 skape ekstra blest rundt et arrangement. Kan du tenke deg noe mer spennende pauseunderholdning enn fallskjermhoppere som kommer dalende ned fra himmelen og utl\u00f8ser fallskjermene sine over arrangementet ditt? Det f\u00e5r garantert publikummet ditt til \u00e5 gispe! N\u00e5r de s\u00e5 [&hellip;]<\/p>\n","protected":false},"author":1,"featured_media":0,"parent":0,"menu_order":3,"comment_status":"open","ping_status":"closed","template":"","meta":{"_themeisle_gutenberg_block_has_review":false,"footnotes":""},"class_list":["post-788","page","type-page","status-publish","hentry"],"_links":{"self":[{"href":"https:\/\/www.trofsk.no\/index.php?rest_route=\/wp\/v2\/pages\/788"}],"collection":[{"href":"https:\/\/www.trofsk.no\/index.php?rest_route=\/wp\/v2\/pages"}],"about":[{"href":"https:\/\/www.trofsk.no\/index.php?rest_route=\/wp\/v2\/types\/page"}],"author":[{"embeddable":true,"href":"https:\/\/www.trofsk.no\/index.php?rest_route=\/wp\/v2\/users\/1"}],"replies":[{"embeddable":true,"href":"https:\/\/www.trofsk.no\/index.php?rest_route=%2Fwp%2Fv2%2Fcomments&post=788"}],"version-history":[{"count":9,"href":"https:\/\/www.trofsk.no\/index.php?rest_route=\/wp\/v2\/pages\/788\/revisions"}],"predecessor-version":[{"id":2644,"href":"https:\/\/www.trofsk.no\/index.php?rest_route=\/wp\/v2\/pages\/788\/revisions\/2644"}],"wp:attachment":[{"href":"https:\/\/www.trofsk.no\/index.php?rest_route=%2Fwp%2Fv2%2Fmedia&parent=788"}],"curies":[{"name":"wp","href":"https:\/\/api.w.org\/{rel}","templated":true}]}}