{"id":780,"date":"2010-01-17T23:31:01","date_gmt":"2010-01-17T22:31:01","guid":{"rendered":"http:\/\/www.trofsk.no\/?page_id=780"},"modified":"2025-05-19T19:56:35","modified_gmt":"2025-05-19T18:56:35","slug":"elvenes-boogie","status":"publish","type":"page","link":"https:\/\/www.trofsk.no\/?page_id=780","title":{"rendered":"Midnight Sun Boogie"},"content":{"rendered":"<div\n\t\tclass=\"free wp-block-ctb-countdown-time\"\tid='ctbCountdownTime-1'\n\tdata-nonce='&quot;4548da0659&quot;'\n\tdata-attributes='{&quot;destDate&quot;:&quot;2025-07-14T00:00:00&quot;,&quot;layout&quot;:&quot;layout2&quot;,&quot;background&quot;:{&quot;type&quot;:&quot;solid&quot;,&quot;color&quot;:&quot;#0000&quot;},&quot;shadow&quot;:{&quot;hOffset&quot;:&quot;0px&quot;,&quot;vOffset&quot;:&quot;0px&quot;,&quot;color&quot;:&quot;#0000&quot;},&quot;boxBG&quot;:{&quot;type&quot;:&quot;solid&quot;,&quot;color&quot;:&quot;#0000&quot;},&quot;boxBorder&quot;:{&quot;width&quot;:&quot;2px&quot;,&quot;type&quot;:&quot;solid&quot;,&quot;color&quot;:&quot;#4527a4&quot;,&quot;radius&quot;:&quot;5%&quot;},&quot;digitColor&quot;:&quot;#4527a4&quot;,&quot;labelColor&quot;:&quot;#4527a4&quot;,&quot;isSep&quot;:true,&quot;align&quot;:&quot;&quot;,&quot;isResponsive&quot;:true,&quot;boxIsInline&quot;:false,&quot;boxPosition&quot;:&quot;center&quot;,&quot;isLabels&quot;:true,&quot;isDays&quot;:true,&quot;daysLabel&quot;:&quot;Days&quot;,&quot;isHours&quot;:true,&quot;hoursLabel&quot;:&quot;Hours&quot;,&quot;isMinutes&quot;:true,&quot;minutesLabel&quot;:&quot;Minutes&quot;,&quot;isSeconds&quot;:true,&quot;secondsLabel&quot;:&quot;Seconds&quot;,&quot;isExpired&quot;:false,&quot;hideOn0&quot;:false,&quot;hideOnMobile&quot;:false,&quot;hideOnTablet&quot;:false,&quot;prefixSuffixDirection&quot;:&quot;row&quot;,&quot;prefixText&quot;:&quot;&quot;,&quot;suffixButtonText&quot;:&quot;&quot;,&quot;suffixButtonUrl&quot;:&quot;#&quot;,&quot;addID&quot;:&quot;&quot;,&quot;addClass&quot;:&quot;&quot;,&quot;addCSS&quot;:&quot;&quot;,&quot;width&quot;:&quot;0px&quot;,&quot;padding&quot;:{&quot;vertical&quot;:&quot;10px&quot;,&quot;horizontal&quot;:&quot;15px&quot;},&quot;alignment&quot;:&quot;center&quot;,&quot;boxWidth&quot;:&quot;170px&quot;,&quot;boxHeight&quot;:&quot;120px&quot;,&quot;boxSpace&quot;:&quot;30px&quot;,&quot;boxShadow&quot;:[],&quot;digitTypo&quot;:{&quot;fontSize&quot;:{&quot;desktop&quot;:&quot;48px&quot;,&quot;tablet&quot;:&quot;40px&quot;,&quot;mobile&quot;:&quot;32px&quot;}},&quot;labelTypo&quot;:{&quot;fontSize&quot;:{&quot;desktop&quot;:&quot;18px&quot;,&quot;tablet&quot;:&quot;17px&quot;,&quot;mobile&quot;:&quot;16px&quot;}},&quot;isDaysSingleStyle&quot;:false,&quot;daysBG&quot;:{&quot;type&quot;:&quot;gradient&quot;,&quot;color&quot;:&quot;#146EF5&quot;,&quot;gradient&quot;:&quot;linear-gradient(135deg, #0040E3, #18D4FD)&quot;},&quot;daysDigitColor&quot;:&quot;#fff&quot;,&quot;daysLabelColor&quot;:&quot;#fff&quot;,&quot;isHoursSingleStyle&quot;:false,&quot;hoursBG&quot;:{&quot;type&quot;:&quot;gradient&quot;,&quot;color&quot;:&quot;#146EF5&quot;,&quot;gradient&quot;:&quot;linear-gradient(135deg, #0040E3, #18D4FD)&quot;},&quot;hoursDigitColor&quot;:&quot;#fff&quot;,&quot;hoursLabelColor&quot;:&quot;#fff&quot;,&quot;isMinutesSingleStyle&quot;:false,&quot;minutesBG&quot;:{&quot;type&quot;:&quot;gradient&quot;,&quot;color&quot;:&quot;#146EF5&quot;,&quot;gradient&quot;:&quot;linear-gradient(135deg, #0040E3, #18D4FD)&quot;},&quot;minutesDigitColor&quot;:&quot;#fff&quot;,&quot;minutesLabelColor&quot;:&quot;#fff&quot;,&quot;isSecondsSingleStyle&quot;:false,&quot;secondsBG&quot;:{&quot;type&quot;:&quot;gradient&quot;,&quot;color&quot;:&quot;#146EF5&quot;,&quot;gradient&quot;:&quot;linear-gradient(135deg, #0040E3, #18D4FD)&quot;},&quot;secondsDigitColor&quot;:&quot;#fff&quot;,&quot;secondsLabelColor&quot;:&quot;#fff&quot;,&quot;sepType&quot;:&quot;:&quot;,&quot;sepSize&quot;:52,&quot;sepColor&quot;:&quot;#146EF5&quot;,&quot;prefixTextTypo&quot;:{&quot;fontSize&quot;:{&quot;desktop&quot;:&quot;15px&quot;}},&quot;prefixTextColor&quot;:&quot;#222&quot;,&quot;suffixButtonTypo&quot;:{&quot;fontSize&quot;:{&quot;desktop&quot;:&quot;16px&quot;}},&quot;suffixButtonColors&quot;:{&quot;color&quot;:&quot;#fff&quot;,&quot;bg&quot;:&quot;#222&quot;},&quot;suffixButtonPadding&quot;:{&quot;vertical&quot;:&quot;14px&quot;,&quot;horizontal&quot;:&quot;28px&quot;},&quot;isDismiss&quot;:false,&quot;dismissColor&quot;:&quot;#333&quot;,&quot;hasCustomCSS&quot;:false,&quot;customCSS&quot;:&quot;&quot;,&quot;otterConditions&quot;:[]}'\n\tdata-content='&quot;&quot;'\n><\/div><p><\/p><p><\/p><p>Vi har n\u00e5 \u00e5pnet for p\u00e5melding til Midnigt Sun Boogie med en sv\u00e6rt gunstig earlybird pris!<\/p><p><strong>Vi sees p\u00e5 Elvenes 14-27 juli 2025.<\/strong><\/p><p>BoogieFee: <\/p><p><s>Frem til 31.12.2024: Kr. 600,-<\/s><br \/><s>Fra 01.01.2025-18.05.2025: Kr. 1000,<\/s>&#8211;<br \/>Fra 19.05.2025: Kr. 1600,-<\/p><p>Boogiefee dekker fri bruk av camp, sanit\u00e6rbygg og andre fasisliteter p\u00e5 hoppfeltet.<\/p><iframe loading=\"lazy\" src=\"https:\/\/docs.google.com\/forms\/d\/e\/1FAIpQLSeV5BY1XZg9A_DnclUiSukUx6c8yHvEOW3GYVEbSi9-rMA8xA\/viewform?embedded=true\" width=\"640\" height=\"2418\" frameborder=\"0\" marginheight=\"0\" marginwidth=\"0\">Laster inn\u00a0\u2026<\/iframe><p>I 2024 gjorde vi 2148 hopp gjennom boogien, og det var 111 deltakere. Vi har gjort innhopp i Spansdalen, Balsfjord, Narvik, Setermoen og Ersfjord p\u00e5 Senja!<\/p><p>Takk til alle som var med og gjorde boogien mulig &#8211; boogien er en dugnad, som gj\u00f8r det mulig at vi skaper fantastiske opplevelser sammen! Takk til alle som har rigget opp utstyr, handlet inn til kiosk, v\u00e6rt HFL, v\u00e6rt HL, stilt opp med transport i forbindelse med innhopp, ryddet og vasket fellesomr\u00e5der med mer! <strong>Uten dere er det ingen Midnigth Sun Boogie!<\/strong> <\/p><figure class=\"wp-block-embed is-type-video is-provider-youtube wp-block-embed-youtube wp-embed-aspect-16-9 wp-has-aspect-ratio\"><div class=\"wp-block-embed__wrapper\">\n<iframe loading=\"lazy\" title=\"MSB 2024 Aftermovie\" width=\"750\" height=\"422\" src=\"https:\/\/www.youtube.com\/embed\/jdDAdfB-hVs?feature=oembed\" frameborder=\"0\" allow=\"accelerometer; autoplay; clipboard-write; encrypted-media; gyroscope; picture-in-picture; web-share\" referrerpolicy=\"strict-origin-when-cross-origin\" allowfullscreen><\/iframe>\n<\/div><figcaption class=\"wp-element-caption\"><em>Boogievideo fra Midnight Sun Boogie 2024. Video: Felix Olofsson<\/em><\/figcaption><\/figure><figure class=\"wp-block-image size-large is-resized\"><img loading=\"lazy\" decoding=\"async\" width=\"1024\" height=\"576\" src=\"https:\/\/www.trofsk.no\/wp-content\/uploads\/MSB_ELVENES-1024x576.jpg\" alt=\"\" class=\"wp-image-2833\" style=\"width:840px;height:auto\" srcset=\"https:\/\/www.trofsk.no\/wp-content\/uploads\/MSB_ELVENES-1024x576.jpg 1024w, https:\/\/www.trofsk.no\/wp-content\/uploads\/MSB_ELVENES-300x169.jpg 300w, https:\/\/www.trofsk.no\/wp-content\/uploads\/MSB_ELVENES-768x432.jpg 768w, https:\/\/www.trofsk.no\/wp-content\/uploads\/MSB_ELVENES-1536x864.jpg 1536w, https:\/\/www.trofsk.no\/wp-content\/uploads\/MSB_ELVENES-600x338.jpg 600w, https:\/\/www.trofsk.no\/wp-content\/uploads\/MSB_ELVENES.jpg 2048w\" sizes=\"(max-width: 1024px) 100vw, 1024px\" \/><figcaption class=\"wp-element-caption\"><em>Stemningsbilde fra beachen p\u00e5 Elvenes<\/em><\/figcaption><\/figure><figure class=\"wp-block-image size-large\"><img loading=\"lazy\" decoding=\"async\" width=\"1024\" height=\"767\" src=\"https:\/\/www.trofsk.no\/wp-content\/uploads\/MSB_SENJA-1-1024x767.jpg\" alt=\"\" class=\"wp-image-2834\" srcset=\"https:\/\/www.trofsk.no\/wp-content\/uploads\/MSB_SENJA-1-1024x767.jpg 1024w, https:\/\/www.trofsk.no\/wp-content\/uploads\/MSB_SENJA-1-300x225.jpg 300w, https:\/\/www.trofsk.no\/wp-content\/uploads\/MSB_SENJA-1-768x575.jpg 768w, https:\/\/www.trofsk.no\/wp-content\/uploads\/MSB_SENJA-1-600x450.jpg 600w, https:\/\/www.trofsk.no\/wp-content\/uploads\/MSB_SENJA-1.jpg 1284w\" sizes=\"(max-width: 1024px) 100vw, 1024px\" \/><figcaption class=\"wp-element-caption\"><em>Boogien ble avsluttet med et magisk innhopp p\u00e5 Ersfjordstranda i Senja!<\/em><\/figcaption><\/figure><figure class=\"wp-block-image size-large\"><img loading=\"lazy\" decoding=\"async\" width=\"768\" height=\"1024\" src=\"https:\/\/www.trofsk.no\/wp-content\/uploads\/MSB_SPANSDALEN-768x1024.jpg\" alt=\"\" class=\"wp-image-2835\" srcset=\"https:\/\/www.trofsk.no\/wp-content\/uploads\/MSB_SPANSDALEN-768x1024.jpg 768w, https:\/\/www.trofsk.no\/wp-content\/uploads\/MSB_SPANSDALEN-225x300.jpg 225w, https:\/\/www.trofsk.no\/wp-content\/uploads\/MSB_SPANSDALEN-1152x1536.jpg 1152w, https:\/\/www.trofsk.no\/wp-content\/uploads\/MSB_SPANSDALEN-600x800.jpg 600w, https:\/\/www.trofsk.no\/wp-content\/uploads\/MSB_SPANSDALEN.jpg 1536w\" sizes=\"(max-width: 768px) 100vw, 768px\" \/><figcaption class=\"wp-element-caption\"><em>Det ble naturligvis ogs\u00e5 gjort innhopp i magiske Spansdalen!<\/em><\/figcaption><\/figure><p><\/p><p>Troms fallskjermklubb arrangerer hvert \u00e5r Nord-Norges st\u00f8rste fallskjerm-arrangement: Midnight Sun Boogie.<\/p><p><\/p><p><\/p>","protected":false},"excerpt":{"rendered":"<p>Vi har n\u00e5 \u00e5pnet for p\u00e5melding til Midnigt Sun Boogie med en sv\u00e6rt gunstig earlybird pris! Vi sees p\u00e5 Elvenes 14-27 juli 2025. BoogieFee: Frem til 31.12.2024: Kr. 600,-Fra 01.01.2025-18.05.2025: Kr. 1000,&#8211;Fra 19.05.2025: Kr. 1600,- Boogiefee dekker fri bruk av camp, sanit\u00e6rbygg og andre fasisliteter p\u00e5 hoppfeltet. Laster inn\u00a0\u2026 I [&hellip;]<\/p>\n","protected":false},"author":1,"featured_media":0,"parent":0,"menu_order":2,"comment_status":"closed","ping_status":"closed","template":"","meta":{"_themeisle_gutenberg_block_has_review":false,"footnotes":""},"class_list":["post-780","page","type-page","status-publish","hentry"],"_links":{"self":[{"href":"https:\/\/www.trofsk.no\/index.php?rest_route=\/wp\/v2\/pages\/780"}],"collection":[{"href":"https:\/\/www.trofsk.no\/index.php?rest_route=\/wp\/v2\/pages"}],"about":[{"href":"https:\/\/www.trofsk.no\/index.php?rest_route=\/wp\/v2\/types\/page"}],"author":[{"embeddable":true,"href":"https:\/\/www.trofsk.no\/index.php?rest_route=\/wp\/v2\/users\/1"}],"replies":[{"embeddable":true,"href":"https:\/\/www.trofsk.no\/index.php?rest_route=%2Fwp%2Fv2%2Fcomments&post=780"}],"version-history":[{"count":78,"href":"https:\/\/www.trofsk.no\/index.php?rest_route=\/wp\/v2\/pages\/780\/revisions"}],"predecessor-version":[{"id":2953,"href":"https:\/\/www.trofsk.no\/index.php?rest_route=\/wp\/v2\/pages\/780\/revisions\/2953"}],"wp:attachment":[{"href":"https:\/\/www.trofsk.no\/index.php?rest_route=%2Fwp%2Fv2%2Fmedia&parent=780"}],"curies":[{"name":"wp","href":"https:\/\/api.w.org\/{rel}","templated":true}]}}