{"id":77,"date":"2008-12-27T18:36:47","date_gmt":"2008-12-27T17:36:47","guid":{"rendered":"http:\/\/trofsk.no\/wp\/?page_id=77"},"modified":"2022-04-11T09:16:31","modified_gmt":"2022-04-11T08:16:31","slug":"terminliste","status":"publish","type":"page","link":"https:\/\/www.trofsk.no\/?page_id=77","title":{"rendered":"Terminliste"},"content":{"rendered":"<p><iframe loading=\"lazy\" style=\"border-width: 0;\" src=\"\/\/www.google.com\/calendar\/embed?showCalendars=0&amp;showTz=0&amp;height=500&amp;wkst=2&amp;hl=no&amp;bgcolor=%23ffffff&amp;src=d8f0a2646tv10hld3c7v16egqo%40group.calendar.google.com&amp;color=%23A32929&amp;ctz=Europe%2FOslo\" width=\"590\" height=\"500\" frameborder=\"0\" scrolling=\"no\"><\/iframe><\/p>\n<p>Alle dager og tider som er planlagt i terminlista kan bli endret p\u00e5 kort varsel, grunnet enkle men uunng\u00e5elige ting som v\u00e6r, forbehold om operativt fly, hoppledere tilgjengelig og tilgang p\u00e5 flyplassen. Sjekk Facebook-siden f\u00f8r du drar avg\u00e5rde til hoppfeltet om morgenen &#8211; kanskje har noe dukket opp.<\/p>\n","protected":false},"excerpt":{"rendered":"<p>Alle dager og tider som er planlagt i terminlista kan bli endret p\u00e5 kort varsel, grunnet enkle men uunng\u00e5elige ting som v\u00e6r, forbehold om operativt fly, hoppledere tilgjengelig og tilgang p\u00e5 flyplassen. Sjekk Facebook-siden f\u00f8r du drar avg\u00e5rde til hoppfeltet om morgenen &#8211; kanskje har noe dukket opp.<\/p>\n","protected":false},"author":1,"featured_media":0,"parent":0,"menu_order":5,"comment_status":"closed","ping_status":"closed","template":"","meta":{"_themeisle_gutenberg_block_has_review":false,"footnotes":""},"class_list":["post-77","page","type-page","status-publish","hentry"],"_links":{"self":[{"href":"https:\/\/www.trofsk.no\/index.php?rest_route=\/wp\/v2\/pages\/77"}],"collection":[{"href":"https:\/\/www.trofsk.no\/index.php?rest_route=\/wp\/v2\/pages"}],"about":[{"href":"https:\/\/www.trofsk.no\/index.php?rest_route=\/wp\/v2\/types\/page"}],"author":[{"embeddable":true,"href":"https:\/\/www.trofsk.no\/index.php?rest_route=\/wp\/v2\/users\/1"}],"replies":[{"embeddable":true,"href":"https:\/\/www.trofsk.no\/index.php?rest_route=%2Fwp%2Fv2%2Fcomments&post=77"}],"version-history":[{"count":10,"href":"https:\/\/www.trofsk.no\/index.php?rest_route=\/wp\/v2\/pages\/77\/revisions"}],"predecessor-version":[{"id":2559,"href":"https:\/\/www.trofsk.no\/index.php?rest_route=\/wp\/v2\/pages\/77\/revisions\/2559"}],"wp:attachment":[{"href":"https:\/\/www.trofsk.no\/index.php?rest_route=%2Fwp%2Fv2%2Fmedia&parent=77"}],"curies":[{"name":"wp","href":"https:\/\/api.w.org\/{rel}","templated":true}]}}