{"id":627,"date":"2009-05-27T09:11:05","date_gmt":"2009-05-27T08:11:05","guid":{"rendered":"http:\/\/www.trofsk.no\/?page_id=627"},"modified":"2025-05-01T06:29:42","modified_gmt":"2025-05-01T05:29:42","slug":"tandemhopp","status":"publish","type":"page","link":"https:\/\/www.trofsk.no\/?page_id=627","title":{"rendered":"Tandemhopp"},"content":{"rendered":"<blockquote class=\"wp-block-quote is-layout-flow wp-block-quote-is-layout-flow\"><p>\u00d8nsker du \u00e5 gi bort et fallskjermkurs eller et tandemhopp i gave til en jubilant eller lignende, ta kontakt med oss for \u00e5 kj\u00f8pe gavekort. Det finnes ingen overraskelse som gir en bedre opplevelse enn et fallskjermhopp.<\/p><\/blockquote><div class=\"wp-block-image\"><figure class=\"alignleft\"><img decoding=\"async\" src=\"https:\/\/www.trofsk.no\/wp-content\/uploads\/G0060912.jpg\" alt=\"\" class=\"wp-image-2471\"\/><\/figure><\/div><p><\/p><p>Et tandemhopp er en introduksjon til fallskjermhopping. Det er for deg som kanskje ikke helt har bestemt deg for om du vil g\u00e5 kurs for \u00e5 bli selvstendig hopper, eller \u00f8nsker \u00e5 gj\u00f8re et fallskjermhopp med instrukt\u00f8r for \u00e5 forberede deg bedre p\u00e5 det kommende fallskjermkurset hvor du selvstendig skal hoppe ut av et fly! Etter et kort kurs p\u00e5 bakken med dyktig og erfaren tandeminstrukt\u00f8r g\u00e5r turen til 10.000+ fots h\u00f8yde.<\/p><p>For booking kontakt oss p\u00e5 <a href=\"mailto:kurs@trofsk.no\">911skyflyer@gmail.com<\/a> eller telefon 91118991.<\/p><p>For \u00e5 hoppe tandem m\u00e5 du ikke veie mer enn 100 kg, grunnet vektbegrensninger p\u00e5 v\u00e5rt materiell. Du m\u00e5 signere en egenerkl\u00e6ring om din helse f\u00f8r du kan hoppe tandem. Ingen som er rusp\u00e5virket f\u00e5r hoppe.<\/p><p>Tandemkurset inkludert ett hopp koster kr 5.000,- som dekker alle kostnader til gjennomf\u00f8ring samt forsikring og medlemskap i Norges Luftsportsforbund. Alle gavekort har ett \u00e5rs gyldighet fra utstedelsesdato.<\/p><p><\/p>","protected":false},"excerpt":{"rendered":"<p>\u00d8nsker du \u00e5 gi bort et fallskjermkurs eller et tandemhopp i gave til en jubilant eller lignende, ta kontakt med oss for \u00e5 kj\u00f8pe gavekort. Det finnes ingen overraskelse som gir en bedre opplevelse enn et fallskjermhopp. Et tandemhopp er en introduksjon til fallskjermhopping. Det er for deg som kanskje [&hellip;]<\/p>\n","protected":false},"author":1,"featured_media":0,"parent":0,"menu_order":2,"comment_status":"open","ping_status":"closed","template":"","meta":{"_themeisle_gutenberg_block_has_review":false,"footnotes":""},"class_list":["post-627","page","type-page","status-publish","hentry"],"_links":{"self":[{"href":"https:\/\/www.trofsk.no\/index.php?rest_route=\/wp\/v2\/pages\/627"}],"collection":[{"href":"https:\/\/www.trofsk.no\/index.php?rest_route=\/wp\/v2\/pages"}],"about":[{"href":"https:\/\/www.trofsk.no\/index.php?rest_route=\/wp\/v2\/types\/page"}],"author":[{"embeddable":true,"href":"https:\/\/www.trofsk.no\/index.php?rest_route=\/wp\/v2\/users\/1"}],"replies":[{"embeddable":true,"href":"https:\/\/www.trofsk.no\/index.php?rest_route=%2Fwp%2Fv2%2Fcomments&post=627"}],"version-history":[{"count":29,"href":"https:\/\/www.trofsk.no\/index.php?rest_route=\/wp\/v2\/pages\/627\/revisions"}],"predecessor-version":[{"id":2951,"href":"https:\/\/www.trofsk.no\/index.php?rest_route=\/wp\/v2\/pages\/627\/revisions\/2951"}],"wp:attachment":[{"href":"https:\/\/www.trofsk.no\/index.php?rest_route=%2Fwp%2Fv2%2Fmedia&parent=627"}],"curies":[{"name":"wp","href":"https:\/\/api.w.org\/{rel}","templated":true}]}}