{"id":2809,"date":"2024-07-28T06:48:56","date_gmt":"2024-07-28T05:48:56","guid":{"rendered":"https:\/\/www.trofsk.no\/?page_id=2809"},"modified":"2024-07-30T10:36:22","modified_gmt":"2024-07-30T09:36:22","slug":"hoppfelt","status":"publish","type":"page","link":"https:\/\/www.trofsk.no\/?page_id=2809","title":{"rendered":"Hoppfelt"},"content":{"rendered":"<p class=\"has-text-align-center\"><strong>BARDUFOSS<\/strong><\/p><p>P\u00e5 v\u00e5rt hoppfelt p\u00e5 Bardufoss Lufthavn tar vi av og lander inne p\u00e5 selve lufthavna, hvor vi ogs\u00e5 har v\u00e5rt klubbhus. N\u00e5r du skal til oss p\u00e5 Bardufoss, sjekk v\u00e5r <a href=\"https:\/\/www.facebook.com\/trofsk\">Facebookside<\/a> for informasjon om oppm\u00f8tetidspunkt og hvem som er dagens Hoppleder. Det er viktig at du m\u00f8ter til oppsatt tid og sted, spesielt dersom du selv ikke har adgang til leiren. <\/p><div id=\"wp-block-themeisle-blocks-button-group-21e4df4c\" class=\"wp-block-themeisle-blocks-button-group wp-block-buttons align-center-desktop\"><div id=\"wp-block-themeisle-blocks-button-3cdb5ccc\" class=\"wp-block-themeisle-blocks-button wp-block-button\"><a href=\"https:\/\/www.trofsk.no\/hoppfeltinstruksendu.pdf\" target=\"_self\" rel=\"noopener noreferrer\" class=\"wp-block-button__link\"><span>Hoppfeltinstruks Bardufoss<\/span><\/a><\/div><\/div><iframe src=\"https:\/\/www.google.com\/maps\/embed?pb=!1m18!1m12!1m3!1d1947.418833986688!2d18.504052613567023!3d69.0625512975765!2m3!1f0!2f0!3f0!3m2!1i1024!2i768!4f13.1!3m3!1m2!1s0x45db22a52135c26f%3A0x62329a0d0bb4783b!2sTroms%20Fallskjermklubb!5e1!3m2!1sno!2sno!4v1722147144003!5m2!1sno!2sno\" width=\"800\" height=\"450\" style=\"border:0;\" allowfullscreen=\"\" loading=\"lazy\" referrerpolicy=\"no-referrer-when-downgrade\"><\/iframe><p class=\"has-text-align-center\"><strong>ELVENES<\/strong><\/p><p>V\u00e5rt hoppfelt p\u00e5 Elvenes ligger p\u00e5 Elvenes Flyplass i Salangen, ca. 30 minutt kj\u00f8ring fra Setermoen. Hoppfeltet har mulighet for overnatting, og man kan fint sl\u00e5 opp telt p\u00e5 eget campingomr\u00e5de p\u00e5 s\u00f8rsiden av flystripa med tilh\u00f8rende sanit\u00e6ranlegg. <\/p><div id=\"wp-block-themeisle-blocks-button-group-f42a5c16\" class=\"wp-block-themeisle-blocks-button-group wp-block-buttons align-center-desktop\"><div id=\"wp-block-themeisle-blocks-button-c6b1e3fd\" class=\"wp-block-themeisle-blocks-button wp-block-button is-style-outline\"><a href=\"https:\/\/www.trofsk.no\/hoppfeltinstruksenlv.pdf\" target=\"_blank\" rel=\"noopener noreferrer\" class=\"wp-block-button__link\"><span>Hoppfeltinstruks Elvenes<\/span><\/a><\/div><\/div><iframe src=\"https:\/\/www.google.com\/maps\/embed?pb=!1m18!1m12!1m3!1d6030.554840291354!2d17.976486576039775!3d68.87145479593556!2m3!1f0!2f0!3f0!3m2!1i1024!2i768!4f13.1!3m3!1m2!1s0x45db0db1f5a4a3ad%3A0xe8869920df21dc50!2sElvenes%20flyplass!5e1!3m2!1sno!2sno!4v1722145058093!5m2!1sno!2sno\" width=\"800\" height=\"450\" style=\"border:0;\" allowfullscreen=\"\" loading=\"lazy\" referrerpolicy=\"no-referrer-when-downgrade\"><\/iframe>","protected":false},"excerpt":{"rendered":"<p>BARDUFOSS P\u00e5 v\u00e5rt hoppfelt p\u00e5 Bardufoss Lufthavn tar vi av og lander inne p\u00e5 selve lufthavna, hvor vi ogs\u00e5 har v\u00e5rt klubbhus. N\u00e5r du skal til oss p\u00e5 Bardufoss, sjekk v\u00e5r Facebookside for informasjon om oppm\u00f8tetidspunkt og hvem som er dagens Hoppleder. Det er viktig at du m\u00f8ter til oppsatt [&hellip;]<\/p>\n","protected":false},"author":20,"featured_media":0,"parent":0,"menu_order":0,"comment_status":"closed","ping_status":"closed","template":"","meta":{"_themeisle_gutenberg_block_has_review":false,"footnotes":""},"class_list":["post-2809","page","type-page","status-publish","hentry"],"_links":{"self":[{"href":"https:\/\/www.trofsk.no\/index.php?rest_route=\/wp\/v2\/pages\/2809"}],"collection":[{"href":"https:\/\/www.trofsk.no\/index.php?rest_route=\/wp\/v2\/pages"}],"about":[{"href":"https:\/\/www.trofsk.no\/index.php?rest_route=\/wp\/v2\/types\/page"}],"author":[{"embeddable":true,"href":"https:\/\/www.trofsk.no\/index.php?rest_route=\/wp\/v2\/users\/20"}],"replies":[{"embeddable":true,"href":"https:\/\/www.trofsk.no\/index.php?rest_route=%2Fwp%2Fv2%2Fcomments&post=2809"}],"version-history":[{"count":11,"href":"https:\/\/www.trofsk.no\/index.php?rest_route=\/wp\/v2\/pages\/2809\/revisions"}],"predecessor-version":[{"id":2893,"href":"https:\/\/www.trofsk.no\/index.php?rest_route=\/wp\/v2\/pages\/2809\/revisions\/2893"}],"wp:attachment":[{"href":"https:\/\/www.trofsk.no\/index.php?rest_route=%2Fwp%2Fv2%2Fmedia&parent=2809"}],"curies":[{"name":"wp","href":"https:\/\/api.w.org\/{rel}","templated":true}]}}