{"id":18,"date":"2008-12-26T18:03:10","date_gmt":"2008-12-26T17:03:10","guid":{"rendered":"http:\/\/trofsk.no\/wp\/?page_id=18"},"modified":"2024-07-25T11:28:56","modified_gmt":"2024-07-25T10:28:56","slug":"om-klubben","status":"publish","type":"page","link":"https:\/\/www.trofsk.no\/","title":{"rendered":"Om klubben"},"content":{"rendered":"<p><img decoding=\"async\" style=\"border: 1px solid black; width: 598px;\" src=\"http:\/\/www.msb.no\/wp-content\/img\/IMG_2535.jpg\" alt=\"Fallskjermhopping i verdens nydeligste omgivelser\" class=\"aligncenter\" \/><\/p>\n<p style=\"text-align: center;\">Vi er Troms Fallskjermklubb! Norges eldste fallskjermklubb, etablert 1967. Vi holder til p\u00e5 Bardufoss Lufthavn i M\u00e5lselv Kommune.<\/p>\n<p style=\"text-align: center;\">Vi er medlem av Norges luftsportsforbund, som er organisert under Norges Idrettsforbund. Vi driver hovedsaklig med treningshopp og oppl\u00e6ringshopp. I tillegg tilbyr vi b\u00e5de linekurs og tandemkurs.<\/p>\n<p style=\"text-align: center;\">Vi opererer fra to hoppfelt:<\/p>\n<p style=\"text-align: center;\">Bardufoss<\/p>\n<p style=\"text-align: center;\">Elvenes i Salangen<\/p>\n<p style=\"text-align: center;\">Vi har hovedsaklig aktivitet i sesongen mellom april og oktober.<\/p>\n<p style=\"text-align: center;\">Begge v\u00e5re hoppfelt ligger perfekt plassert i nydelig nord-norsk natur!<\/p>\n<p style=\"text-align: center;\">Fra Bardufoss f\u00e5r du en luftig utsikt over de majestetiske fjellene p\u00e5 Senja og den uendelige skj\u00f8nnheten av Istindene i s\u00f8r, mens utsikten fra Elvenes i Salangen tar pusten fra deg med synet av Istindene, Salangen, Astafjorden, og den majestetiske And\u00f8rja &#8211; en perle av en \u00f8y med et av de mest fjellrike landskapene i Nord-Europa.<\/p>\n<p style=\"text-align: center;\">I tillegg til aktivitet p\u00e5 hoppfeltene v\u00e5re, drar vi ogs\u00e5 \u00e5rlig med fly og utstyr til Leknes og arrangerer Lofoten Boogie.<\/p>\n<p style=\"text-align: center;\">Vi p\u00e5st\u00e5r ikke uten grunn at vi har verdens vakreste hoppfelt. Kom \u00e5 hopp med oss!<\/p>\n<p style=\"text-align: center;\">Hver sommer arrangerer Troms Fallskjermklubb Midnight Sun Boogie de to siste ukene i Juli p\u00e5 Elvenes i Salangen. Dette er sommerens desidert st\u00f8rste fallskjermeventyr med midnattsolhopping, storfly, kurs og god stemning! PS! Som elev er dette \u00e5rets mulighet for \u00e5 komme seg gjennom elevprogresjonen!<\/p>\n<p><iframe loading=\"lazy\" title=\"Midnight sun boogie 2019 | Boogie video\" width=\"750\" height=\"422\" src=\"https:\/\/www.youtube.com\/embed\/PuZt8rwcv2Q?feature=oembed\" frameborder=\"0\" allow=\"accelerometer; autoplay; clipboard-write; encrypted-media; gyroscope; picture-in-picture; web-share\" referrerpolicy=\"strict-origin-when-cross-origin\" allowfullscreen><\/iframe><\/p>\n","protected":false},"excerpt":{"rendered":"<p>Vi er Troms Fallskjermklubb! Norges eldste fallskjermklubb, etablert 1967. Vi holder til p\u00e5 Bardufoss Lufthavn i M\u00e5lselv Kommune. Vi er medlem av Norges luftsportsforbund, som er organisert under Norges Idrettsforbund. Vi driver hovedsaklig med treningshopp og oppl\u00e6ringshopp. I tillegg tilbyr vi b\u00e5de linekurs og tandemkurs. Vi opererer fra to hoppfelt: [&hellip;]<\/p>\n","protected":false},"author":1,"featured_media":0,"parent":0,"menu_order":3,"comment_status":"closed","ping_status":"closed","template":"","meta":{"_themeisle_gutenberg_block_has_review":false,"footnotes":""},"class_list":["post-18","page","type-page","status-publish","hentry"],"_links":{"self":[{"href":"https:\/\/www.trofsk.no\/index.php?rest_route=\/wp\/v2\/pages\/18"}],"collection":[{"href":"https:\/\/www.trofsk.no\/index.php?rest_route=\/wp\/v2\/pages"}],"about":[{"href":"https:\/\/www.trofsk.no\/index.php?rest_route=\/wp\/v2\/types\/page"}],"author":[{"embeddable":true,"href":"https:\/\/www.trofsk.no\/index.php?rest_route=\/wp\/v2\/users\/1"}],"replies":[{"embeddable":true,"href":"https:\/\/www.trofsk.no\/index.php?rest_route=%2Fwp%2Fv2%2Fcomments&post=18"}],"version-history":[{"count":35,"href":"https:\/\/www.trofsk.no\/index.php?rest_route=\/wp\/v2\/pages\/18\/revisions"}],"predecessor-version":[{"id":2797,"href":"https:\/\/www.trofsk.no\/index.php?rest_route=\/wp\/v2\/pages\/18\/revisions\/2797"}],"wp:attachment":[{"href":"https:\/\/www.trofsk.no\/index.php?rest_route=%2Fwp%2Fv2%2Fmedia&parent=18"}],"curies":[{"name":"wp","href":"https:\/\/api.w.org\/{rel}","templated":true}]}}