{"id":16,"date":"2008-12-26T18:02:07","date_gmt":"2008-12-26T17:02:07","guid":{"rendered":"http:\/\/trofsk.no\/wp\/?page_id=16"},"modified":"2026-04-23T16:07:40","modified_gmt":"2026-04-23T15:07:40","slug":"fallskjermkurs","status":"publish","type":"page","link":"https:\/\/www.trofsk.no\/?page_id=16","title":{"rendered":"Fallskjermkurs"},"content":{"rendered":"<div id=\"wp-block-themeisle-blocks-button-group-ddab604f\" class=\"wp-block-themeisle-blocks-button-group wp-block-buttons align-center-desktop\"><div id=\"wp-block-themeisle-blocks-button-b5262196\" class=\"wp-block-themeisle-blocks-button wp-block-button\"><a href=\"https:\/\/www.minidrett.no\/\" target=\"_self\" rel=\"noopener noreferrer\" class=\"wp-block-button__link\"><span>MinIdrett<\/span><\/a><\/div>\n\n<div id=\"wp-block-themeisle-blocks-button-f55a2040\" class=\"wp-block-themeisle-blocks-button wp-block-button\"><a href=\"https:\/\/forms.gle\/rBhdbxaQVZg5kobk6\" target=\"_self\" rel=\"noopener noreferrer\" class=\"wp-block-button__link\"><span>P\u00c5MELDINGSSKJEMA<\/span><\/a><\/div><\/div><p><span data-contrast=\"auto\">Dr\u00f8mmer du om \u00e5 bli en selvstendig fallskjermhopper?<\/span><\/p><blockquote class=\"wp-block-quote is-style-default has-background-color-background-color has-background is-layout-flow wp-block-quote-is-layout-flow\"><p><span data-contrast=\"auto\">Du kan bli fallskjermhopper p\u00e5 Bardufoss, Narvik og Salangen. (Kurset tar 3 kvelder, eller en hel dag). <strong>Kursdatoer for 2026 publiseres snart!<\/strong><\/span><\/p><\/blockquote><p><\/p><p><\/p><p><span data-contrast=\"auto\">Mange dr\u00f8mmer hele livet om \u00e5 bli fallskjermhopper, mens andre \u00f8nsker \u00e5 utfordre seg selv ved \u00e5 l\u00e6re seg noe nytt. Uansett hvor du lenge du har dr\u00f8mt om \u00e5 l\u00e6re deg \u00e5 hoppe fallskjerm, s\u00e5 har vi kurset for deg!<\/span><span data-ccp-props=\"{&quot;134233117&quot;:false,&quot;134233118&quot;:false,&quot;201341983&quot;:0,&quot;335551550&quot;:1,&quot;335551620&quot;:1,&quot;335559685&quot;:0,&quot;335559737&quot;:0,&quot;335559738&quot;:0,&quot;335559739&quot;:160,&quot;335559740&quot;:259}\">&nbsp;<\/span><\/p><p><span data-contrast=\"auto\">Troms Fallskjermklubb tilbyr linekurs til sine kursdeltakere.<\/span><span data-ccp-props=\"{&quot;201341983&quot;:0,&quot;335559739&quot;:160,&quot;335559740&quot;:259}\">&nbsp;<\/span><\/p><p><\/p><p><b><span data-contrast=\"auto\">Linekurs sa du, hva er egentlig det?<\/span><\/b><span data-ccp-props=\"{&quot;201341983&quot;:0,&quot;335559739&quot;:160,&quot;335559740&quot;:259}\">&nbsp;<\/span><\/p><p><span data-contrast=\"auto\">Kurset inneholder en teoridel og en praktisk hoppdel. De f\u00f8rste hoppene gjennomf\u00f8res slik at skjermen utl\u00f8ses av en line som er festet til flyet. Utspranget skjer i 3.500 fot (ca 1000 meter). Du m\u00e5 gjennomf\u00f8re 6 godkjente linehopp f\u00f8r du er klar for \u00e5 hoppe frittfall, dvs. at du selv utl\u00f8ser fallskjermen. Du m\u00e5 deretter gjennom en progresjonsplan der du gradvis \u00f8ker tiden opp mot 60 sekunder i fritt fall. Etter endt og godkjent progresjon, minimum 24 hopp, vil du f\u00e5 utstedt et A-sertifikat som selvstendig fallskjermhopper.<\/span><span data-ccp-props=\"{&quot;201341983&quot;:0,&quot;335559739&quot;:160,&quot;335559740&quot;:259}\">&nbsp;<\/span><\/p><p><b><span data-contrast=\"auto\">Kult, hva koster det \u00e5 bli fallskjermhopper?<\/span><\/b><span data-ccp-props=\"{&quot;201341983&quot;:0,&quot;335559739&quot;:160,&quot;335559740&quot;:259}\">&nbsp;<\/span><\/p><p><span data-contrast=\"auto\">Hos TROFSK koster et kurs 7000 kr + medlemskap og obligatorisk ulykkes og ansvarsforsikring til Norges Luftsportsforbund.&nbsp;<\/span><\/p><p><span data-contrast=\"auto\">Medlemskap junior (&lt;26 \u00e5r): 1085kr<\/span><br \/><span data-contrast=\"auto\">Medlemskap senior (&gt;26\u00e5r): 1525kr&nbsp;<\/span><br \/>Basisforsikring: 893,-<\/p><p><span data-contrast=\"auto\">Kursprisen inkluderer:<\/span><span data-ccp-props=\"{&quot;201341983&quot;:0,&quot;335559739&quot;:160,&quot;335559740&quot;:259}\">&nbsp;<\/span><\/p><ul class=\"wp-block-list\"><li><span data-contrast=\"auto\">Komplett grunnkurs<\/span><span data-ccp-props=\"{&quot;201341983&quot;:0,&quot;335559739&quot;:160,&quot;335559740&quot;:259}\">&nbsp;<\/span><\/li>\n\n<li><span data-contrast=\"auto\">2 hopp. Ett linehopp og ett frittfallhopp<\/span><span data-ccp-props=\"{&quot;201341983&quot;:0,&quot;335559739&quot;:160,&quot;335559740&quot;:259}\">&nbsp;<\/span><\/li>\n\n<li><span data-contrast=\"auto\">Oppl\u00e6ring i pakking av fallskjerm<\/span><span data-ccp-props=\"{&quot;201341983&quot;:0,&quot;335559739&quot;:160,&quot;335559740&quot;:259}\">&nbsp;<\/span><\/li>\n\n<li><span data-contrast=\"auto\">Loggbok for logging av fallskjermhopp<\/span><span data-ccp-props=\"{&quot;201341983&quot;:0,&quot;335559739&quot;:160,&quot;335559740&quot;:259}\">&nbsp;<\/span><\/li>\n\n<li><span data-contrast=\"auto\">Hoppbriller&nbsp;<\/span><\/li>\n\n<li><span data-contrast=\"auto\">Fri bruk av klubbens elevutstyr som fallskjermer, hoppdresser, hjelmer, h\u00f8ydem\u00e5lere m.m.<\/span><span data-ccp-props=\"{&quot;201341983&quot;:0,&quot;335559739&quot;:160,&quot;335559740&quot;:259}\">&nbsp;<\/span><\/li>\n\n<li><span data-contrast=\"auto\">A-lisens kurs<\/span><span data-ccp-props=\"{&quot;201341983&quot;:0,&quot;335559739&quot;:160,&quot;335559740&quot;:259}\">&nbsp;<\/span><\/li>\n\n<li><span data-contrast=\"auto\">Masse moro, brede smil og minner for livet!<\/span><span data-ccp-props=\"{&quot;201341983&quot;:0,&quot;335559739&quot;:160,&quot;335559740&quot;:259}\">&nbsp;<\/span><\/li><\/ul><p>Utover de to inkluderte hoppene koster hvert<span data-contrast=\"auto\">&nbsp;hopp: 350kr<\/span><span data-ccp-props=\"{&quot;201341983&quot;:0,&quot;335559739&quot;:160,&quot;335559740&quot;:259}\"> (inkludert l\u00e5n av fallskjermutstyr, flyturen opp, instrukt\u00f8r i flyet&#8230;)<\/span><\/p><p><b><span data-contrast=\"auto\">Kan hvem som helst melde seg p\u00e5 kurs?<\/span><\/b><span data-ccp-props=\"{&quot;201341983&quot;:0,&quot;335559739&quot;:160,&quot;335559740&quot;:259}\">&nbsp;<\/span><\/p><p><span data-contrast=\"auto\">Ja, nesten. Du m\u00e5 ha normalt god helse. Du kan ikke veie mer enn 100kg \u2013 dette p\u00e5 grunn at tekniske begrensninger i v\u00e5rt elevutstyr.<\/span><span data-ccp-props=\"{&quot;201341983&quot;:0,&quot;335559739&quot;:160,&quot;335559740&quot;:259}\">\u00a0<\/span><\/p><p><\/p><p><b><span data-contrast=\"auto\">Fantastisk! Hvordan melder jeg meg p\u00e5 kurs?<\/span><\/b><span data-ccp-props=\"{&quot;201341983&quot;:0,&quot;335559739&quot;:160,&quot;335559740&quot;:259}\">&nbsp;<\/span><\/p><p><span data-contrast=\"auto\">Det er enkelt! Send en e-post til <\/span><a href=\"mailto:kurs@trofsk.no\"><span data-contrast=\"none\">kurs@trofsk.no<\/span><\/a><span data-contrast=\"auto\">, s\u00e5 vil du f\u00e5 ytterligere informasjon fra v\u00e5r kursansvarlige om tilgjengelige datoer for kurs. Merk at p\u00e5melding er bindende n\u00e5r det er mindre enn 14 dager til kursets oppstart. Melder du deg ikke av kurset innen denne fristen vil du bli fakturert for hele kursbel\u00f8pet.<\/span><span data-ccp-props=\"{&quot;201341983&quot;:0,&quot;335559739&quot;:160,&quot;335559740&quot;:259}\">&nbsp;<\/span><\/p><p><span data-ccp-props=\"{&quot;201341983&quot;:0,&quot;335559739&quot;:160,&quot;335559740&quot;:259}\">&nbsp;<\/span><\/p><div class=\"wp-block-image\"><figure class=\"aligncenter\"><img loading=\"lazy\" decoding=\"async\" width=\"600\" height=\"400\" src=\"https:\/\/www.trofsk.no\/wp-content\/uploads\/fsutsjekk.jpg\" alt=\"\" class=\"wp-image-2542\"\/><\/figure><\/div><p><\/p><p><span data-ccp-props=\"{&quot;134233117&quot;:false,&quot;134233118&quot;:false,&quot;201341983&quot;:0,&quot;335551550&quot;:0,&quot;335551620&quot;:0,&quot;335557856&quot;:16777215,&quot;335559685&quot;:-20,&quot;335559737&quot;:810,&quot;335559738&quot;:0,&quot;335559739&quot;:360,&quot;335559740&quot;:259}\">&nbsp;<\/span><\/p><p><b><span data-contrast=\"none\">Kursets oppbygning<\/span><\/b><span data-ccp-props=\"{&quot;134233117&quot;:false,&quot;134233118&quot;:false,&quot;201341983&quot;:0,&quot;335551550&quot;:0,&quot;335551620&quot;:0,&quot;335557856&quot;:16777215,&quot;335559685&quot;:-20,&quot;335559737&quot;:810,&quot;335559738&quot;:0,&quot;335559739&quot;:360,&quot;335559740&quot;:259}\">&nbsp;<\/span><\/p><p><span data-contrast=\"none\">Vi kj\u00f8rer kurset kveldstid over tre dager, med oppstart ca. kl. 17:30 hver dag. Alternativt kan vi gj\u00f8re det p\u00e5 en hel dag hvis det passer slik med helg\/helligdag. Grunnkurset er p\u00e5 ca. 10 timer f\u00f8r du kan gj\u00f8re ditt f\u00f8rste hopp.<\/span><span data-ccp-props=\"{&quot;134233117&quot;:false,&quot;134233118&quot;:false,&quot;201341983&quot;:0,&quot;335551550&quot;:0,&quot;335551620&quot;:0,&quot;335557856&quot;:16777215,&quot;335559685&quot;:-20,&quot;335559737&quot;:810,&quot;335559738&quot;:0,&quot;335559739&quot;:360,&quot;335559740&quot;:259}\">&nbsp;<\/span><\/p><p><i><span data-contrast=\"none\">Grunnkurset<\/span><\/i><br \/><span data-contrast=\"none\">Dag 1 \u2013 Introduksjon, teori og ferdighetstrening<\/span><br \/><span data-contrast=\"none\">Dag 2 \u2013 Noe teori og mye ferdighetstrening<\/span><br \/><span data-contrast=\"none\">Dag 3 \u2013 Mer ferdighetstrening og avsluttende teoretisk og praktisk eksamen<\/span><span data-ccp-props=\"{&quot;134233117&quot;:false,&quot;134233118&quot;:false,&quot;201341983&quot;:0,&quot;335551550&quot;:0,&quot;335551620&quot;:0,&quot;335557856&quot;:16777215,&quot;335559685&quot;:-20,&quot;335559737&quot;:810,&quot;335559738&quot;:0,&quot;335559739&quot;:360,&quot;335559740&quot;:259}\">&nbsp;<\/span><\/p><p><span data-contrast=\"none\">Kursets m\u00e5lsetting er at elevene skal kunne gjennomf\u00f8re et stabilt lineutl\u00f8st fallskjermhopp med trygg landing innen et p\u00e5 forh\u00e5nd angitt omr\u00e5de. Etter best\u00e5tt eksamen er du klar for ditt f\u00f8rste fallskjermhopp, og du hopper alene fra f\u00f8rste hopp. <\/span><span data-ccp-props=\"{&quot;134233117&quot;:false,&quot;134233118&quot;:false,&quot;201341983&quot;:0,&quot;335551550&quot;:0,&quot;335551620&quot;:0,&quot;335557856&quot;:16777215,&quot;335559685&quot;:-20,&quot;335559737&quot;:810,&quot;335559738&quot;:0,&quot;335559739&quot;:360,&quot;335559740&quot;:259}\">&nbsp;<\/span><\/p><ul class=\"wp-block-list\"><li><span data-contrast=\"none\">2 x UL (Lineutl\u00f8st)<\/span><span data-ccp-props=\"{&quot;134233117&quot;:false,&quot;134233118&quot;:false,&quot;201341983&quot;:0,&quot;335551550&quot;:0,&quot;335551620&quot;:0,&quot;335557856&quot;:16777215,&quot;335559685&quot;:300,&quot;335559737&quot;:0,&quot;335559738&quot;:0,&quot;335559739&quot;:0,&quot;335559740&quot;:259}\">&nbsp;<\/span><\/li>\n\n<li><span data-contrast=\"none\">2 x ULM (Lineutl\u00f8st med markering av trekk)<\/span><span data-ccp-props=\"{&quot;134233117&quot;:false,&quot;134233118&quot;:false,&quot;201341983&quot;:0,&quot;335551550&quot;:0,&quot;335551620&quot;:0,&quot;335557856&quot;:16777215,&quot;335559685&quot;:300,&quot;335559737&quot;:0,&quot;335559738&quot;:0,&quot;335559739&quot;:0,&quot;335559740&quot;:259}\">&nbsp;<\/span><\/li>\n\n<li><span data-contrast=\"none\">2 x ULT (Lineutl\u00f8st med trekk av dummyh\u00e5ndtak)<\/span><span data-ccp-props=\"{&quot;134233117&quot;:false,&quot;134233118&quot;:false,&quot;201341983&quot;:0,&quot;335551550&quot;:0,&quot;335551620&quot;:0,&quot;335557856&quot;:16777215,&quot;335559685&quot;:300,&quot;335559737&quot;:0,&quot;335559738&quot;:0,&quot;335559739&quot;:0,&quot;335559740&quot;:259}\">&nbsp;<\/span><\/li><\/ul><p><span data-ccp-props=\"{&quot;134233117&quot;:false,&quot;134233118&quot;:false,&quot;201341983&quot;:0,&quot;335551550&quot;:0,&quot;335551620&quot;:0,&quot;335557856&quot;:16777215,&quot;335559737&quot;:0,&quot;335559738&quot;:0,&quot;335559739&quot;:0,&quot;335559740&quot;:259}\">&nbsp;<\/span><\/p><div class=\"wp-block-image\"><figure class=\"aligncenter\"><img loading=\"lazy\" decoding=\"async\" width=\"600\" height=\"400\" src=\"https:\/\/www.trofsk.no\/wp-content\/uploads\/elev_skjerm.jpg\" alt=\"\" class=\"wp-image-2541\"\/><\/figure><\/div><p><\/p><p><span data-ccp-props=\"{&quot;134233117&quot;:false,&quot;134233118&quot;:false,&quot;201341983&quot;:0,&quot;335551550&quot;:0,&quot;335551620&quot;:0,&quot;335557856&quot;:16777215,&quot;335559685&quot;:-20,&quot;335559737&quot;:810,&quot;335559738&quot;:0,&quot;335559739&quot;:360,&quot;335559740&quot;:259}\">&nbsp;<\/span><i><span data-contrast=\"none\">Frittfall<\/span><\/i><br \/><span data-contrast=\"none\">N\u00e5r du har gjennomf\u00f8rt de 6 f\u00f8rste hoppene er du klar for frittfall. Dette inneb\u00e6rer frittfallkurs og pakkekurs. Kursets m\u00e5lsetting er \u00e5 tilf\u00f8re elevene de n\u00f8dvendige teoretiske kunnskaper og praktiske ferdigheter for selvstendig mestring av frittfall hopping og pakking av egen fallskjerm. Frittfallhoppene er progresjonsorientert og inneb\u00e6rer f\u00f8lgende f\u00f8r du er \u00e5 regne som selvestendig hopper:<\/span><span data-ccp-props=\"{&quot;134233117&quot;:false,&quot;134233118&quot;:false,&quot;201341983&quot;:0,&quot;335551550&quot;:0,&quot;335551620&quot;:0,&quot;335557856&quot;:16777215,&quot;335559685&quot;:-20,&quot;335559737&quot;:810,&quot;335559738&quot;:0,&quot;335559739&quot;:360,&quot;335559740&quot;:259}\">&nbsp;<\/span><\/p><ul class=\"wp-block-list\"><li><span data-contrast=\"none\">2 x 5 sekunder frittfall<\/span><span data-ccp-props=\"{&quot;134233117&quot;:false,&quot;134233118&quot;:false,&quot;201341983&quot;:0,&quot;335551550&quot;:0,&quot;335551620&quot;:0,&quot;335557856&quot;:16777215,&quot;335559685&quot;:300,&quot;335559737&quot;:0,&quot;335559738&quot;:0,&quot;335559739&quot;:0,&quot;335559740&quot;:259}\">&nbsp;<\/span><\/li>\n\n<li><span data-contrast=\"none\">2 x 7 sekunder frittfall<\/span><span data-ccp-props=\"{&quot;134233117&quot;:false,&quot;134233118&quot;:false,&quot;201341983&quot;:0,&quot;335551550&quot;:0,&quot;335551620&quot;:0,&quot;335557856&quot;:16777215,&quot;335559685&quot;:300,&quot;335559737&quot;:0,&quot;335559738&quot;:0,&quot;335559739&quot;:0,&quot;335559740&quot;:259}\">&nbsp;<\/span><\/li>\n\n<li><span data-contrast=\"none\">2 x 10 sekunder frittfall<\/span><span data-ccp-props=\"{&quot;134233117&quot;:false,&quot;134233118&quot;:false,&quot;201341983&quot;:0,&quot;335551550&quot;:0,&quot;335551620&quot;:0,&quot;335557856&quot;:16777215,&quot;335559685&quot;:300,&quot;335559737&quot;:0,&quot;335559738&quot;:0,&quot;335559739&quot;:0,&quot;335559740&quot;:259}\">&nbsp;<\/span><\/li>\n\n<li><span data-contrast=\"none\">2 x 15 sekunder frittfall<\/span><span data-ccp-props=\"{&quot;134233117&quot;:false,&quot;134233118&quot;:false,&quot;201341983&quot;:0,&quot;335551550&quot;:0,&quot;335551620&quot;:0,&quot;335557856&quot;:16777215,&quot;335559685&quot;:300,&quot;335559737&quot;:0,&quot;335559738&quot;:0,&quot;335559739&quot;:0,&quot;335559740&quot;:259}\">&nbsp;<\/span><\/li>\n\n<li><span data-contrast=\"none\">2 x 20 sekunder frittfall<\/span><span data-ccp-props=\"{&quot;134233117&quot;:false,&quot;134233118&quot;:false,&quot;201341983&quot;:0,&quot;335551550&quot;:0,&quot;335551620&quot;:0,&quot;335557856&quot;:16777215,&quot;335559685&quot;:300,&quot;335559737&quot;:0,&quot;335559738&quot;:0,&quot;335559739&quot;:0,&quot;335559740&quot;:259}\">&nbsp;<\/span><\/li>\n\n<li><span data-contrast=\"none\">2 x 30 sekunder frittfall<\/span><span data-ccp-props=\"{&quot;134233117&quot;:false,&quot;134233118&quot;:false,&quot;201341983&quot;:0,&quot;335551550&quot;:0,&quot;335551620&quot;:0,&quot;335557856&quot;:16777215,&quot;335559685&quot;:300,&quot;335559737&quot;:0,&quot;335559738&quot;:0,&quot;335559739&quot;:0,&quot;335559740&quot;:259}\">&nbsp;<\/span><\/li>\n\n<li><span data-contrast=\"none\">3 x FS-utsjekk<\/span><span data-ccp-props=\"{&quot;134233117&quot;:false,&quot;134233118&quot;:false,&quot;201341983&quot;:0,&quot;335551550&quot;:0,&quot;335551620&quot;:0,&quot;335557856&quot;:16777215,&quot;335559685&quot;:300,&quot;335559737&quot;:0,&quot;335559738&quot;:0,&quot;335559739&quot;:0,&quot;335559740&quot;:259}\">&nbsp;<\/span><\/li><\/ul><p><span data-ccp-props=\"{&quot;134233117&quot;:false,&quot;134233118&quot;:false,&quot;201341983&quot;:0,&quot;335551550&quot;:0,&quot;335551620&quot;:0,&quot;335557856&quot;:16777215,&quot;335559685&quot;:-20,&quot;335559737&quot;:810,&quot;335559738&quot;:0,&quot;335559739&quot;:360,&quot;335559740&quot;:259}\">&nbsp;<\/span><\/p><div class=\"wp-block-image\"><figure class=\"aligncenter\"><img decoding=\"async\" src=\"https:\/\/www.trofsk.no\/wp-content\/uploads\/G0060912.jpg\" alt=\"\" class=\"wp-image-2471\"\/><\/figure><\/div><p><\/p><p><i><span data-contrast=\"none\">A-lisens-kurs<\/span><\/i><br \/><span data-contrast=\"none\">N\u00e5r frittfallene og utsjekkene er gjennomf\u00f8rt gjenst\u00e5r et A-lisens-kurs sammen med andre fallskjermhoppere som skal ta A-lisens. Hovedm\u00e5let med kurset er en bevisstgj\u00f8ring av samspillet mellom kunnskap, ferdigheter og holdninger i forhold til sikkerheten ved hoppingen. Etter en teoretisk eksamen er du ferdig med din tid som elev og er \u00e5 regne som selvstendig fallskjermhopper. Da kan du kj\u00f8pe eget utstyr eller leie klubbens utstyr. N\u00e5 er du ikke lenger avhengig av \u00e5 ha en instrukt\u00f8r med deg i flyet n\u00e5r du skal hoppe og du kan begynne \u00e5 hoppe sammen med andre. For \u00e5 f\u00e5 utstedt A-lisens m\u00e5 du ha minimum 20 frittfall-hopp.<\/span><span data-ccp-props=\"{&quot;134233117&quot;:false,&quot;134233118&quot;:false,&quot;201341983&quot;:0,&quot;335551550&quot;:0,&quot;335551620&quot;:0,&quot;335557856&quot;:16777215,&quot;335559685&quot;:-20,&quot;335559737&quot;:810,&quot;335559738&quot;:0,&quot;335559739&quot;:360,&quot;335559740&quot;:259}\">&nbsp;<\/span><\/p><p><\/p><div id=\"wp-block-themeisle-blocks-button-group-86d654cb\" class=\"wp-block-themeisle-blocks-button-group wp-block-buttons\"><div id=\"wp-block-themeisle-blocks-button-c416589c\" class=\"wp-block-themeisle-blocks-button wp-block-button\"><a href=\"https:\/\/forms.gle\/9CXMqWCyVGvMoY3u6\" target=\"_self\" rel=\"noopener noreferrer\" class=\"wp-block-button__link\"><span>P\u00c5MELDINGSSKJEMA<\/span><\/a><\/div><\/div><p><\/p>","protected":false},"excerpt":{"rendered":"<p>Dr\u00f8mmer du om \u00e5 bli en selvstendig fallskjermhopper? Du kan bli fallskjermhopper p\u00e5 Bardufoss, Narvik og Salangen. (Kurset tar 3 kvelder, eller en hel dag). Kursdatoer for 2026 publiseres snart! Mange dr\u00f8mmer hele livet om \u00e5 bli fallskjermhopper, mens andre \u00f8nsker \u00e5 utfordre seg selv ved \u00e5 l\u00e6re seg noe [&hellip;]<\/p>\n","protected":false},"author":1,"featured_media":0,"parent":0,"menu_order":1,"comment_status":"closed","ping_status":"closed","template":"","meta":{"_themeisle_gutenberg_block_has_review":false,"footnotes":""},"class_list":["post-16","page","type-page","status-publish","hentry"],"_links":{"self":[{"href":"https:\/\/www.trofsk.no\/index.php?rest_route=\/wp\/v2\/pages\/16"}],"collection":[{"href":"https:\/\/www.trofsk.no\/index.php?rest_route=\/wp\/v2\/pages"}],"about":[{"href":"https:\/\/www.trofsk.no\/index.php?rest_route=\/wp\/v2\/types\/page"}],"author":[{"embeddable":true,"href":"https:\/\/www.trofsk.no\/index.php?rest_route=\/wp\/v2\/users\/1"}],"replies":[{"embeddable":true,"href":"https:\/\/www.trofsk.no\/index.php?rest_route=%2Fwp%2Fv2%2Fcomments&post=16"}],"version-history":[{"count":79,"href":"https:\/\/www.trofsk.no\/index.php?rest_route=\/wp\/v2\/pages\/16\/revisions"}],"predecessor-version":[{"id":2965,"href":"https:\/\/www.trofsk.no\/index.php?rest_route=\/wp\/v2\/pages\/16\/revisions\/2965"}],"wp:attachment":[{"href":"https:\/\/www.trofsk.no\/index.php?rest_route=%2Fwp%2Fv2%2Fmedia&parent=16"}],"curies":[{"name":"wp","href":"https:\/\/api.w.org\/{rel}","templated":true}]}}